{"id":217,"date":"2025-06-10T17:33:49","date_gmt":"2025-06-10T15:33:49","guid":{"rendered":"http:\/\/transportconventionne.com\/?page_id=217"},"modified":"2025-06-11T12:01:38","modified_gmt":"2025-06-11T10:01:38","slug":"politique-de-confidentialite","status":"publish","type":"page","link":"https:\/\/transportconventionne.com\/index.php\/politique-de-confidentialite\/","title":{"rendered":"Politique de confidentialit\u00e9"},"content":{"rendered":"\t\t<div data-elementor-type=\"wp-page\" data-elementor-id=\"217\" class=\"elementor elementor-217\">\n\t\t\t\t<div class=\"elementor-element elementor-element-0ff36d9 e-con-full e-flex e-con e-parent\" data-id=\"0ff36d9\" data-element_type=\"container\" data-settings=\"{&quot;background_background&quot;:&quot;classic&quot;}\">\n\t\t\t\t<div class=\"elementor-element elementor-element-0add4e1 elementor-widget elementor-widget-heading\" data-id=\"0add4e1\" data-element_type=\"widget\" data-widget_type=\"heading.default\">\n\t\t\t\t<div class=\"elementor-widget-container\">\n\t\t\t\t\t<h2 class=\"elementor-heading-title elementor-size-default\">Taxis Conventionn\u00e9s<\/h2>\t\t\t\t<\/div>\n\t\t\t\t<\/div>\n\t\t\t\t<\/div>\n\t\t<div class=\"elementor-element elementor-element-88e23a1 e-flex e-con-boxed e-con e-parent\" data-id=\"88e23a1\" data-element_type=\"container\">\n\t\t\t\t\t<div class=\"e-con-inner\">\n\t\t\t\t<div class=\"elementor-element elementor-element-7f6ef0f elementor-widget elementor-widget-elementskit-heading\" data-id=\"7f6ef0f\" data-element_type=\"widget\" data-widget_type=\"elementskit-heading.default\">\n\t\t\t\t<div class=\"elementor-widget-container\">\n\t\t\t\t\t<div class=\"ekit-wid-con\" ><div class=\"ekit-heading elementskit-section-title-wraper text_center   ekit_heading_tablet-   ekit_heading_mobile-\"><h2 class=\"ekit-heading--title elementskit-section-title \">Politique de confidentialit\u00e9<\/h2><div class=\"ekit_heading_separetor_wraper ekit_heading_elementskit-border-divider\"><div class=\"elementskit-border-divider\"><\/div><\/div><\/div><\/div>\t\t\t\t<\/div>\n\t\t\t\t<\/div>\n\t\t\t\t\t<\/div>\n\t\t\t\t<\/div>\n\t\t<div class=\"elementor-element elementor-element-f9a3dd9 e-flex e-con-boxed e-con e-parent\" data-id=\"f9a3dd9\" data-element_type=\"container\">\n\t\t\t\t\t<div class=\"e-con-inner\">\n\t\t<div class=\"elementor-element elementor-element-91f15af e-con-full e-flex e-con e-child\" data-id=\"91f15af\" data-element_type=\"container\">\n\t\t\t\t<div class=\"elementor-element elementor-element-5054d39 elementor-widget elementor-widget-heading\" data-id=\"5054d39\" data-element_type=\"widget\" data-widget_type=\"heading.default\">\n\t\t\t\t<div class=\"elementor-widget-container\">\n\t\t\t\t\t<h2 class=\"elementor-heading-title elementor-size-default\">1. Pr\u00e9ambule\n<\/h2>\t\t\t\t<\/div>\n\t\t\t\t<\/div>\n\t\t\t\t<div class=\"elementor-element elementor-element-3005126 elementor-widget elementor-widget-text-editor\" data-id=\"3005126\" data-element_type=\"widget\" data-widget_type=\"text-editor.default\">\n\t\t\t\t<div class=\"elementor-widget-container\">\n\t\t\t\t\t\t\t\t\t<p>La pr\u00e9sente politique de confidentialit\u00e9 a pour objectif d\u2019informer les utilisateurs du site www.transportconventionne.fr sur la mani\u00e8re dont leurs donn\u00e9es personnelles sont collect\u00e9es, utilis\u00e9es, prot\u00e9g\u00e9es et trait\u00e9es dans le respect du R\u00e8glement G\u00e9n\u00e9ral sur la<br \/>Protection des Donn\u00e9es (RGPD).<\/p>\t\t\t\t\t\t\t\t<\/div>\n\t\t\t\t<\/div>\n\t\t\t\t<\/div>\n\t\t<div class=\"elementor-element elementor-element-03dd1bc e-con-full e-flex e-con e-child\" data-id=\"03dd1bc\" data-element_type=\"container\">\n\t\t\t\t<div class=\"elementor-element elementor-element-e4eb7d4 elementor-widget elementor-widget-heading\" data-id=\"e4eb7d4\" data-element_type=\"widget\" data-widget_type=\"heading.default\">\n\t\t\t\t<div class=\"elementor-widget-container\">\n\t\t\t\t\t<h2 class=\"elementor-heading-title elementor-size-default\">2. Responsable du traitement\n<\/h2>\t\t\t\t<\/div>\n\t\t\t\t<\/div>\n\t\t\t\t<div class=\"elementor-element elementor-element-10a49fe elementor-widget elementor-widget-text-editor\" data-id=\"10a49fe\" data-element_type=\"widget\" data-widget_type=\"text-editor.default\">\n\t\t\t\t<div class=\"elementor-widget-container\">\n\t\t\t\t\t\t\t\t\tLe responsable du traitement des donn\u00e9es est :<br>\nAHLAL Jamal -TRANSPORTCONVENTIONN\u00c9 <br>Email : contact@transportconventionne95.fr<br>\nT\u00e9l\u00e9phone : 06 67 22 26 30\t\t\t\t\t\t\t\t<\/div>\n\t\t\t\t<\/div>\n\t\t\t\t<\/div>\n\t\t\t\t\t<\/div>\n\t\t\t\t<\/div>\n\t\t<div class=\"elementor-element elementor-element-fdec016 e-flex e-con-boxed e-con e-parent\" data-id=\"fdec016\" data-element_type=\"container\">\n\t\t\t\t\t<div class=\"e-con-inner\">\n\t\t<div class=\"elementor-element elementor-element-4f7f85d e-con-full e-flex e-con e-child\" data-id=\"4f7f85d\" data-element_type=\"container\">\n\t\t\t\t<div class=\"elementor-element elementor-element-f651788 elementor-widget elementor-widget-heading\" data-id=\"f651788\" data-element_type=\"widget\" data-widget_type=\"heading.default\">\n\t\t\t\t<div class=\"elementor-widget-container\">\n\t\t\t\t\t<h2 class=\"elementor-heading-title elementor-size-default\">3. Donn\u00e9es collect\u00e9es\n\n<\/h2>\t\t\t\t<\/div>\n\t\t\t\t<\/div>\n\t\t\t\t<div class=\"elementor-element elementor-element-27714f3 elementor-widget elementor-widget-text-editor\" data-id=\"27714f3\" data-element_type=\"widget\" data-widget_type=\"text-editor.default\">\n\t\t\t\t<div class=\"elementor-widget-container\">\n\t\t\t\t\t\t\t\t\t<p>Les donn\u00e9es collect\u00e9es via le site concernent uniquement les informations n\u00e9cessaires \u00e0 la prise de contact ou \u00e0 la r\u00e9servation d\u2019un transport m\u00e9dical, \u00e0 savoir :<br \/>\u25cf Nom et pr\u00e9nom<br \/>\u25cf Adresse e-mail<br \/>\u25cf Num\u00e9ro de t\u00e9l\u00e9phone<br \/>\u25cf Adresse de d\u00e9part et d\u2019arriv\u00e9e (le cas \u00e9ch\u00e9ant)<br \/>\u25cf Date et heure du trajet<br \/>\u25cf Num\u00e9ro de s\u00e9curit\u00e9 sociale (si fourni)<br \/>\u25cf Document joint : prescription m\u00e9dicale (optionnel)<br \/>Aucune donn\u00e9e sensible (dossier m\u00e9dical, diagnostics\u2026) n\u2019est demand\u00e9e ni stock\u00e9e.<\/p>\t\t\t\t\t\t\t\t<\/div>\n\t\t\t\t<\/div>\n\t\t\t\t<\/div>\n\t\t<div class=\"elementor-element elementor-element-fee4765 e-con-full e-flex e-con e-child\" data-id=\"fee4765\" data-element_type=\"container\">\n\t\t\t\t<div class=\"elementor-element elementor-element-6f14396 elementor-widget elementor-widget-heading\" data-id=\"6f14396\" data-element_type=\"widget\" data-widget_type=\"heading.default\">\n\t\t\t\t<div class=\"elementor-widget-container\">\n\t\t\t\t\t<h2 class=\"elementor-heading-title elementor-size-default\">4. Finalit\u00e9s de la collecte\n\n<\/h2>\t\t\t\t<\/div>\n\t\t\t\t<\/div>\n\t\t\t\t<div class=\"elementor-element elementor-element-0238712 elementor-widget elementor-widget-text-editor\" data-id=\"0238712\" data-element_type=\"widget\" data-widget_type=\"text-editor.default\">\n\t\t\t\t<div class=\"elementor-widget-container\">\n\t\t\t\t\t\t\t\t\t<p>Les donn\u00e9es sont collect\u00e9es exclusivement pour les finalit\u00e9s suivantes :<br \/>\u25cf Traitement et confirmation des demandes de r\u00e9servation<br \/>\u25cf \u00c9change avec les patients ou leur famille<br \/>\u25cf Transmission des documents n\u00e9cessaires \u00e0 la prise en charge CPAM<br \/>\u25cf Statistiques internes et am\u00e9lioration du service (anonymis\u00e9es)<\/p>\t\t\t\t\t\t\t\t<\/div>\n\t\t\t\t<\/div>\n\t\t\t\t<\/div>\n\t\t\t\t\t<\/div>\n\t\t\t\t<\/div>\n\t\t<div class=\"elementor-element elementor-element-e1bab07 e-flex e-con-boxed e-con e-parent\" data-id=\"e1bab07\" data-element_type=\"container\">\n\t\t\t\t\t<div class=\"e-con-inner\">\n\t\t<div class=\"elementor-element elementor-element-46fa97a e-con-full e-flex e-con e-child\" data-id=\"46fa97a\" data-element_type=\"container\">\n\t\t\t\t<div class=\"elementor-element elementor-element-216d810 elementor-widget elementor-widget-heading\" data-id=\"216d810\" data-element_type=\"widget\" data-widget_type=\"heading.default\">\n\t\t\t\t<div class=\"elementor-widget-container\">\n\t\t\t\t\t<h2 class=\"elementor-heading-title elementor-size-default\">5. Base l\u00e9gale du traitement\n\n<\/h2>\t\t\t\t<\/div>\n\t\t\t\t<\/div>\n\t\t\t\t<div class=\"elementor-element elementor-element-00837ac elementor-widget elementor-widget-text-editor\" data-id=\"00837ac\" data-element_type=\"widget\" data-widget_type=\"text-editor.default\">\n\t\t\t\t<div class=\"elementor-widget-container\">\n\t\t\t\t\t\t\t\t\t<p>Les donn\u00e9es ne sont jamais revendues.<br \/>Elles sont exclusivement destin\u00e9es \u00e0 :<br \/>\u25cf L\u2019\u00e9quipe de Transport Conventionn\u00e9 95<br \/>\u25cf Les organismes de sant\u00e9 (CPAM) en cas de besoin administratif<br \/>\u25cf Les prestataires techniques (h\u00e9bergement web s\u00e9curis\u00e9, messagerie)<\/p>\t\t\t\t\t\t\t\t<\/div>\n\t\t\t\t<\/div>\n\t\t\t\t<\/div>\n\t\t<div class=\"elementor-element elementor-element-d333a3e e-con-full e-flex e-con e-child\" data-id=\"d333a3e\" data-element_type=\"container\">\n\t\t\t\t<div class=\"elementor-element elementor-element-d3a4620 elementor-widget elementor-widget-heading\" data-id=\"d3a4620\" data-element_type=\"widget\" data-widget_type=\"heading.default\">\n\t\t\t\t<div class=\"elementor-widget-container\">\n\t\t\t\t\t<h2 class=\"elementor-heading-title elementor-size-default\">6. Dur\u00e9e de conservation\n\n\n<\/h2>\t\t\t\t<\/div>\n\t\t\t\t<\/div>\n\t\t\t\t<div class=\"elementor-element elementor-element-b55df16 elementor-widget elementor-widget-text-editor\" data-id=\"b55df16\" data-element_type=\"widget\" data-widget_type=\"text-editor.default\">\n\t\t\t\t<div class=\"elementor-widget-container\">\n\t\t\t\t\t\t\t\t\t<p>Les donn\u00e9es collect\u00e9es sont conserv\u00e9es pendant :<br \/>\u25cf 3 ans apr\u00e8s la derni\u00e8re interaction, pour les demandes sans suite<br \/>\u25cf 5 ans en cas de transport effectu\u00e9 (obligation l\u00e9gale)<br \/>\u25cf Les pi\u00e8ces justificatives peuvent \u00eatre archiv\u00e9es \u00e0 des fins de contr\u00f4le CPAM<\/p>\t\t\t\t\t\t\t\t<\/div>\n\t\t\t\t<\/div>\n\t\t\t\t<\/div>\n\t\t\t\t\t<\/div>\n\t\t\t\t<\/div>\n\t\t<div class=\"elementor-element elementor-element-2f92a75 e-flex e-con-boxed e-con e-parent\" data-id=\"2f92a75\" data-element_type=\"container\">\n\t\t\t\t\t<div class=\"e-con-inner\">\n\t\t<div class=\"elementor-element elementor-element-e04257f e-con-full e-flex e-con e-child\" data-id=\"e04257f\" data-element_type=\"container\">\n\t\t\t\t<div class=\"elementor-element elementor-element-8f955cc elementor-widget elementor-widget-heading\" data-id=\"8f955cc\" data-element_type=\"widget\" data-widget_type=\"heading.default\">\n\t\t\t\t<div class=\"elementor-widget-container\">\n\t\t\t\t\t<h2 class=\"elementor-heading-title elementor-size-default\">7. Destinataires des donn\u00e9es\n<\/h2>\t\t\t\t<\/div>\n\t\t\t\t<\/div>\n\t\t\t\t<div class=\"elementor-element elementor-element-9b3934f elementor-widget elementor-widget-text-editor\" data-id=\"9b3934f\" data-element_type=\"widget\" data-widget_type=\"text-editor.default\">\n\t\t\t\t<div class=\"elementor-widget-container\">\n\t\t\t\t\t\t\t\t\t<p>Le traitement est fond\u00e9 sur :<br \/>\u25cf Le consentement explicite de l\u2019utilisateur (via le formulaire)<br \/>\u25cf L\u2019int\u00e9r\u00eat l\u00e9gitime du prestataire pour r\u00e9pondre \u00e0 une demande client<br \/>\u25cf Le respect des obligations li\u00e9es au transport m\u00e9dical conventionn\u00e9<\/p>\t\t\t\t\t\t\t\t<\/div>\n\t\t\t\t<\/div>\n\t\t\t\t<\/div>\n\t\t<div class=\"elementor-element elementor-element-6c58d2f e-con-full e-flex e-con e-child\" data-id=\"6c58d2f\" data-element_type=\"container\">\n\t\t\t\t<div class=\"elementor-element elementor-element-787ac11 elementor-widget elementor-widget-heading\" data-id=\"787ac11\" data-element_type=\"widget\" data-widget_type=\"heading.default\">\n\t\t\t\t<div class=\"elementor-widget-container\">\n\t\t\t\t\t<h2 class=\"elementor-heading-title elementor-size-default\">8. Vos droits\n<\/h2>\t\t\t\t<\/div>\n\t\t\t\t<\/div>\n\t\t\t\t<div class=\"elementor-element elementor-element-ec06d5f elementor-widget elementor-widget-text-editor\" data-id=\"ec06d5f\" data-element_type=\"widget\" data-widget_type=\"text-editor.default\">\n\t\t\t\t<div class=\"elementor-widget-container\">\n\t\t\t\t\t\t\t\t\t<p>Conform\u00e9ment au RGPD, vous disposez des droits suivants :<br \/>\u25cf Droit d\u2019acc\u00e8s, de rectification et de suppression de vos donn\u00e9es<br \/>\u25cf Droit d\u2019opposition ou de limitation du traitement<br \/>\u25cf Droit \u00e0 la portabilit\u00e9 des donn\u00e9es<br \/>\u25cf Droit de retrait du consentement \u00e0 tout moment<br \/>Pour exercer vos droits, contactez-nous \u00e0 :<br \/>\ud83d\udce7 contact@transportconventionne95.fr<\/p>\t\t\t\t\t\t\t\t<\/div>\n\t\t\t\t<\/div>\n\t\t\t\t<\/div>\n\t\t\t\t\t<\/div>\n\t\t\t\t<\/div>\n\t\t<div class=\"elementor-element elementor-element-8c2d5dc e-flex e-con-boxed e-con e-parent\" data-id=\"8c2d5dc\" data-element_type=\"container\">\n\t\t\t\t\t<div class=\"e-con-inner\">\n\t\t<div class=\"elementor-element elementor-element-3543f67 e-con-full e-flex e-con e-child\" data-id=\"3543f67\" data-element_type=\"container\">\n\t\t\t\t<div class=\"elementor-element elementor-element-83e4d87 elementor-widget elementor-widget-heading\" data-id=\"83e4d87\" data-element_type=\"widget\" data-widget_type=\"heading.default\">\n\t\t\t\t<div class=\"elementor-widget-container\">\n\t\t\t\t\t<h2 class=\"elementor-heading-title elementor-size-default\">9. S\u00e9curit\u00e9\n<\/h2>\t\t\t\t<\/div>\n\t\t\t\t<\/div>\n\t\t\t\t<div class=\"elementor-element elementor-element-73d21f8 elementor-widget elementor-widget-text-editor\" data-id=\"73d21f8\" data-element_type=\"widget\" data-widget_type=\"text-editor.default\">\n\t\t\t\t<div class=\"elementor-widget-container\">\n\t\t\t\t\t\t\t\t\t<p>Le site est h\u00e9berg\u00e9 chez un prestataire reconnu (OVH) et b\u00e9n\u00e9ficie de protocoles de s\u00e9curit\u00e9 (HTTPS, pare-feu, mise \u00e0 jour r\u00e9guli\u00e8re) assurant la protection des donn\u00e9es<br \/>collect\u00e9es<\/p>\t\t\t\t\t\t\t\t<\/div>\n\t\t\t\t<\/div>\n\t\t\t\t<\/div>\n\t\t<div class=\"elementor-element elementor-element-381b079 e-con-full e-flex e-con e-child\" data-id=\"381b079\" data-element_type=\"container\">\n\t\t\t\t<div class=\"elementor-element elementor-element-8321f39 elementor-widget elementor-widget-heading\" data-id=\"8321f39\" data-element_type=\"widget\" data-widget_type=\"heading.default\">\n\t\t\t\t<div class=\"elementor-widget-container\">\n\t\t\t\t\t<h2 class=\"elementor-heading-title elementor-size-default\">10. Cookies\n<\/h2>\t\t\t\t<\/div>\n\t\t\t\t<\/div>\n\t\t\t\t<div class=\"elementor-element elementor-element-da1e0ec elementor-widget elementor-widget-text-editor\" data-id=\"da1e0ec\" data-element_type=\"widget\" data-widget_type=\"text-editor.default\">\n\t\t\t\t<div class=\"elementor-widget-container\">\n\t\t\t\t\t\t\t\t\t<p>Le site utilise des cookies \u00e0 des fins fonctionnelles et statistiques.<br \/>Aucune donn\u00e9e personnelle n\u2019est utilis\u00e9e \u00e0 des fins publicitaires.<br \/>L\u2019utilisateur peut g\u00e9rer ses pr\u00e9f\u00e9rences via les param\u00e8tres de son navigateur.<\/p>\t\t\t\t\t\t\t\t<\/div>\n\t\t\t\t<\/div>\n\t\t\t\t<\/div>\n\t\t\t\t\t<\/div>\n\t\t\t\t<\/div>\n\t\t\t\t<\/div>\n\t\t","protected":false},"excerpt":{"rendered":"<p>Taxis Conventionn\u00e9s Politique de confidentialit\u00e9 1. Pr\u00e9ambule La pr\u00e9sente politique de confidentialit\u00e9 a pour objectif d\u2019informer les utilisateurs du site [&hellip;]<\/p>\n","protected":false},"author":1,"featured_media":0,"parent":0,"menu_order":0,"comment_status":"closed","ping_status":"closed","template":"","meta":{"site-sidebar-layout":"no-sidebar","site-content-layout":"","ast-site-content-layout":"full-width-container","site-content-style":"default","site-sidebar-style":"default","ast-global-header-display":"","ast-banner-title-visibility":"","ast-main-header-display":"","ast-hfb-above-header-display":"","ast-hfb-below-header-display":"","ast-hfb-mobile-header-display":"","site-post-title":"disabled","ast-breadcrumbs-content":"","ast-featured-img":"disabled","footer-sml-layout":"","theme-transparent-header-meta":"","adv-header-id-meta":"","stick-header-meta":"","header-above-stick-meta":"","header-main-stick-meta":"","header-below-stick-meta":"","astra-migrate-meta-layouts":"default","ast-page-background-enabled":"default","ast-page-background-meta":{"desktop":{"background-color":"var(--ast-global-color-5)","background-image":"","background-repeat":"repeat","background-position":"center center","background-size":"auto","background-attachment":"scroll","background-type":"","background-media":"","overlay-type":"","overlay-color":"","overlay-opacity":"","overlay-gradient":""},"tablet":{"background-color":"","background-image":"","background-repeat":"repeat","background-position":"center center","background-size":"auto","background-attachment":"scroll","background-type":"","background-media":"","overlay-type":"","overlay-color":"","overlay-opacity":"","overlay-gradient":""},"mobile":{"background-color":"","background-image":"","background-repeat":"repeat","background-position":"center center","background-size":"auto","background-attachment":"scroll","background-type":"","background-media":"","overlay-type":"","overlay-color":"","overlay-opacity":"","overlay-gradient":""}},"ast-content-background-meta":{"desktop":{"background-color":"var(--ast-global-color-4)","background-image":"","background-repeat":"repeat","background-position":"center center","background-size":"auto","background-attachment":"scroll","background-type":"","background-media":"","overlay-type":"","overlay-color":"","overlay-opacity":"","overlay-gradient":""},"tablet":{"background-color":"var(--ast-global-color-4)","background-image":"","background-repeat":"repeat","background-position":"center center","background-size":"auto","background-attachment":"scroll","background-type":"","background-media":"","overlay-type":"","overlay-color":"","overlay-opacity":"","overlay-gradient":""},"mobile":{"background-color":"var(--ast-global-color-4)","background-image":"","background-repeat":"repeat","background-position":"center center","background-size":"auto","background-attachment":"scroll","background-type":"","background-media":"","overlay-type":"","overlay-color":"","overlay-opacity":"","overlay-gradient":""}},"footnotes":""},"class_list":["post-217","page","type-page","status-publish","hentry"],"_links":{"self":[{"href":"https:\/\/transportconventionne.com\/index.php\/wp-json\/wp\/v2\/pages\/217","targetHints":{"allow":["GET"]}}],"collection":[{"href":"https:\/\/transportconventionne.com\/index.php\/wp-json\/wp\/v2\/pages"}],"about":[{"href":"https:\/\/transportconventionne.com\/index.php\/wp-json\/wp\/v2\/types\/page"}],"author":[{"embeddable":true,"href":"https:\/\/transportconventionne.com\/index.php\/wp-json\/wp\/v2\/users\/1"}],"replies":[{"embeddable":true,"href":"https:\/\/transportconventionne.com\/index.php\/wp-json\/wp\/v2\/comments?post=217"}],"version-history":[{"count":16,"href":"https:\/\/transportconventionne.com\/index.php\/wp-json\/wp\/v2\/pages\/217\/revisions"}],"predecessor-version":[{"id":283,"href":"https:\/\/transportconventionne.com\/index.php\/wp-json\/wp\/v2\/pages\/217\/revisions\/283"}],"wp:attachment":[{"href":"https:\/\/transportconventionne.com\/index.php\/wp-json\/wp\/v2\/media?parent=217"}],"curies":[{"name":"wp","href":"https:\/\/api.w.org\/{rel}","templated":true}]}}