{"id":193,"date":"2025-06-10T17:04:32","date_gmt":"2025-06-10T15:04:32","guid":{"rendered":"http:\/\/transportconventionne.com\/?page_id=193"},"modified":"2025-06-11T11:34:54","modified_gmt":"2025-06-11T09:34:54","slug":"a-propos","status":"publish","type":"page","link":"https:\/\/transportconventionne.com\/index.php\/a-propos\/","title":{"rendered":"\u00c0 propos"},"content":{"rendered":"\t\t<div data-elementor-type=\"wp-page\" data-elementor-id=\"193\" class=\"elementor elementor-193\">\n\t\t\t\t<div class=\"elementor-element elementor-element-de35b77 e-con-full e-flex e-con e-parent\" data-id=\"de35b77\" data-element_type=\"container\" data-settings=\"{&quot;background_background&quot;:&quot;classic&quot;}\">\n\t\t\t\t<div class=\"elementor-element elementor-element-0bb233d elementor-widget elementor-widget-heading\" data-id=\"0bb233d\" data-element_type=\"widget\" data-widget_type=\"heading.default\">\n\t\t\t\t<div class=\"elementor-widget-container\">\n\t\t\t\t\t<h2 class=\"elementor-heading-title elementor-size-default\">Taxis Conventionn\u00e9s<\/h2>\t\t\t\t<\/div>\n\t\t\t\t<\/div>\n\t\t\t\t<\/div>\n\t\t<div class=\"elementor-element elementor-element-5cf76c1 e-flex e-con-boxed e-con e-parent\" data-id=\"5cf76c1\" data-element_type=\"container\">\n\t\t\t\t\t<div class=\"e-con-inner\">\n\t\t\t\t<div class=\"elementor-element elementor-element-d457bda elementor-widget elementor-widget-elementskit-heading\" data-id=\"d457bda\" data-element_type=\"widget\" data-widget_type=\"elementskit-heading.default\">\n\t\t\t\t<div class=\"elementor-widget-container\">\n\t\t\t\t\t<div class=\"ekit-wid-con\" ><div class=\"ekit-heading elementskit-section-title-wraper text_center   ekit_heading_tablet-   ekit_heading_mobile-\"><h2 class=\"ekit-heading--title elementskit-section-title \"> <span>Un service humain pour vos trajets m\u00e9dicaux<\/span><\/span><\/h2><div class=\"ekit_heading_separetor_wraper ekit_heading_elementskit-border-divider\"><div class=\"elementskit-border-divider\"><\/div><\/div><\/div><\/div>\t\t\t\t<\/div>\n\t\t\t\t<\/div>\n\t\t\t\t<div class=\"elementor-element elementor-element-00a1b11 elementor-widget elementor-widget-text-editor\" data-id=\"00a1b11\" data-element_type=\"widget\" data-widget_type=\"text-editor.default\">\n\t\t\t\t<div class=\"elementor-widget-container\">\n\t\t\t\t\t\t\t\t\t<p>Chez Transport Conventionn\u00e9, nous ne faisons pas que vous transporter.<br \/>Nous vous accompagnons dans une \u00e9tape importante de votre parcours de soin, avec<br \/>\u00e9coute, respect et fiabilit\u00e9.<\/p>\t\t\t\t\t\t\t\t<\/div>\n\t\t\t\t<\/div>\n\t\t\t\t\t<\/div>\n\t\t\t\t<\/div>\n\t\t<div class=\"elementor-element elementor-element-394dfe9 e-flex e-con-boxed e-con e-parent\" data-id=\"394dfe9\" data-element_type=\"container\" data-settings=\"{&quot;background_background&quot;:&quot;classic&quot;}\">\n\t\t\t\t\t<div class=\"e-con-inner\">\n\t\t\t\t<div class=\"elementor-element elementor-element-99c1e34 elementor-widget elementor-widget-eael-adv-tabs\" data-id=\"99c1e34\" data-element_type=\"widget\" data-widget_type=\"eael-adv-tabs.default\">\n\t\t\t\t<div class=\"elementor-widget-container\">\n\t\t\t\t\t        <div data-scroll-on-click=\"\" data-scroll-speed=\"300\" id=\"eael-advance-tabs-99c1e34\" class=\"eael-advance-tabs eael-tabs-vertical eael-tab-auto-active  active-caret-on\" data-tabid=\"99c1e34\">\n            <div class=\"eael-tabs-nav\">\n                <ul class=\"eael-tab-inline-icon\" role=\"tablist\">\n                                            <li id=\"-qui-sommes-nous-\" class=\"inactive eael-tab-item-trigger eael-tab-nav-item\" aria-selected=\"true\" data-tab=\"1\" role=\"tab\" tabindex=\"0\" aria-controls=\"-qui-sommes-nous--tab\" aria-expanded=\"false\">\n                                                            <span class=\"eael-tab-title title-before-icon\" >\ud83d\ude96 Qui sommes-nous ?<\/span>                            \n                                                        \n                            \n                                                    <\/li>\n                                            <li id=\"-notre-engagement-au-quotidien\" class=\"inactive eael-tab-item-trigger eael-tab-nav-item\" aria-selected=\"false\" data-tab=\"2\" role=\"tab\" tabindex=\"-1\" aria-controls=\"-notre-engagement-au-quotidien-tab\" aria-expanded=\"false\">\n                                                            <span class=\"eael-tab-title title-before-icon\" >\ud83d\udcbc Notre engagement au quotidien<\/span>                            \n                                                                                                                            \n                            \n                                                    <\/li>\n                                            <li id=\"-notre-ancrage-local\" class=\"inactive eael-tab-item-trigger eael-tab-nav-item\" aria-selected=\"false\" data-tab=\"3\" role=\"tab\" tabindex=\"-1\" aria-controls=\"-notre-ancrage-local-tab\" aria-expanded=\"false\">\n                                                            <span class=\"eael-tab-title title-before-icon\" >\ud83c\udf0d Notre ancrage local<\/span>                            \n                                                                                                                            \n                            \n                                                    <\/li>\n                                            <li id=\"-pourquoi-choisir-un-taxi-conventionn-cpam-\" class=\"inactive eael-tab-item-trigger eael-tab-nav-item\" aria-selected=\"false\" data-tab=\"4\" role=\"tab\" tabindex=\"-1\" aria-controls=\"-pourquoi-choisir-un-taxi-conventionn-cpam--tab\" aria-expanded=\"false\">\n                                                            <span class=\"eael-tab-title title-before-icon\" >\ud83e\uddfe Pourquoi choisir un taxi conventionn\u00e9 CPAM ?<\/span>                            \n                                                                                                                            \n                            \n                                                    <\/li>\n                                            <li id=\"-un-mot-du-responsable\" class=\"inactive eael-tab-item-trigger eael-tab-nav-item\" aria-selected=\"false\" data-tab=\"5\" role=\"tab\" tabindex=\"-1\" aria-controls=\"-un-mot-du-responsable-tab\" aria-expanded=\"false\">\n                                                            <span class=\"eael-tab-title title-before-icon\" >\ud83e\udd1d Un mot du responsable<\/span>                            \n                                                                                                                            \n                            \n                                                    <\/li>\n                                            <li id=\"-prise-en-charge-administrative-facilite\" class=\"inactive eael-tab-item-trigger eael-tab-nav-item\" aria-selected=\"false\" data-tab=\"6\" role=\"tab\" tabindex=\"-1\" aria-controls=\"-prise-en-charge-administrative-facilite-tab\" aria-expanded=\"false\">\n                                                            <span class=\"eael-tab-title title-before-icon\" >\ud83d\udd12 Prise en charge administrative facilit\u00e9e<\/span>                            \n                                                                                                                            \n                            \n                                                    <\/li>\n                                            <li id=\"-un-service-humain-rapide-et-ractif\" class=\"inactive eael-tab-item-trigger eael-tab-nav-item\" aria-selected=\"false\" data-tab=\"7\" role=\"tab\" tabindex=\"-1\" aria-controls=\"-un-service-humain-rapide-et-ractif-tab\" aria-expanded=\"false\">\n                                                            <span class=\"eael-tab-title title-before-icon\" >\ud83d\udcf2 Un service humain, rapide et r\u00e9actif<\/span>                            \n                                                                                                                            \n                            \n                                                    <\/li>\n                                    <\/ul>\n            <\/div>\n            \n            <div class=\"eael-tabs-content\">\n\t\t        \n                    <div id=\"-qui-sommes-nous--tab\" class=\"clearfix eael-tab-content-item inactive\" data-title-link=\"-qui-sommes-nous--tab\">\n\t\t\t\t        <p>Nous sommes un service de taxi conventionn\u00e9 agr\u00e9\u00e9 par la CPAM, bas\u00e9 dans le Val-d\u2019Oise, et intervenant sur toute l\u2019\u00cele-de-France.<br \/>Notre mission : vous garantir un transport m\u00e9dical s\u00e9curis\u00e9, ponctuel et bienveillant, sans avance de frais (sous conditions), dans le cadre d\u2019un suivi m\u00e9dical, d\u2019une hospitalisation ou de traitements r\u00e9guliers.<\/p>                    <\/div>\n\t\t        \n                    <div id=\"-notre-engagement-au-quotidien-tab\" class=\"clearfix eael-tab-content-item inactive\" data-title-link=\"-notre-engagement-au-quotidien-tab\">\n\t\t\t\t        <p>Nous travaillons chaque jour avec :<br \/>\u25cf Des personnes \u00e2g\u00e9es, en suivi r\u00e9gulier de soins<br \/>\u25cf Des patients atteints d\u2019affections longue dur\u00e9e (ALD)<br \/>\u25cf Des personnes en r\u00e9\u00e9ducation, en dialyse, ou en chimioth\u00e9rapie<br \/>\u25cf Des familles qui souhaitent r\u00e9server en toute confiance pour un proche<br \/>Notre \u00e9quipe met un point d\u2019honneur \u00e0 respecter les horaires, la discr\u00e9tion, et \u00e0 offrir un service humain \u00e0 chaque trajet.<\/p>                    <\/div>\n\t\t        \n                    <div id=\"-notre-ancrage-local-tab\" class=\"clearfix eael-tab-content-item inactive\" data-title-link=\"-notre-ancrage-local-tab\">\n\t\t\t\t        <p>Bas\u00e9s dans le 95 (Val-d\u2019Oise), nous desservons quotidiennement :<br \/>\u25cf Paris et sa petite couronne<br \/>\u25cfLes d\u00e9partements 77, 78, 91, 92, 93, 94, 95<br \/>\u25cf Et plus largement toute l\u2019\u00cele-de-France<br \/>\u25cf Trajets longue distance possibles selon la prescription m\u00e9dicale<\/p>                    <\/div>\n\t\t        \n                    <div id=\"-pourquoi-choisir-un-taxi-conventionn-cpam--tab\" class=\"clearfix eael-tab-content-item inactive\" data-title-link=\"-pourquoi-choisir-un-taxi-conventionn-cpam--tab\">\n\t\t\t\t        <p>Le transport conventionn\u00e9 est souvent mal connu : il permet pourtant, sur prescription m\u00e9dicale, de se faire rembourser tout ou partie de ses trajets m\u00e9dicaux par l\u2019Assurance Maladie.<br \/>Nous sommes l\u00e0 pour vous aider \u00e0 comprendre vos droits et vous accompagner avec simplicit\u00e9<\/p>                    <\/div>\n\t\t        \n                    <div id=\"-un-mot-du-responsable-tab\" class=\"clearfix eael-tab-content-item inactive\" data-title-link=\"-un-mot-du-responsable-tab\">\n\t\t\t\t        <p>\u201cCe m\u00e9tier, je le fais par conviction.<br \/>Accompagner une personne malade, fragilis\u00e9e ou isol\u00e9e, ce n\u2019est pas un simple trajet : c\u2019est un service d\u2019utilit\u00e9 humaine.<br \/>Mon objectif est que chaque patient se sente respect\u00e9, en s\u00e9curit\u00e9, et<br \/>\u00e9cout\u00e9.<\/p>                    <\/div>\n\t\t        \n                    <div id=\"-prise-en-charge-administrative-facilite-tab\" class=\"clearfix eael-tab-content-item inactive\" data-title-link=\"-prise-en-charge-administrative-facilite-tab\">\n\t\t\t\t        <p>Nous vous accompagnons dans la gestion des documents n\u00e9cessaires :<br \/>\u25cf V\u00e9rification de la prescription m\u00e9dicale de transport<br \/>\u25cf Renseignements sur les conditions de prise en charge<br \/>\u25cf Transmission des justificatifs \u00e0 la CPAM si besoin<br \/>\u25cf Z\u00e9ro avance de frais possible si vous \u00eates en tiers payant<\/p>                    <\/div>\n\t\t        \n                    <div id=\"-un-service-humain-rapide-et-ractif-tab\" class=\"clearfix eael-tab-content-item inactive\" data-title-link=\"-un-service-humain-rapide-et-ractif-tab\">\n\t\t\t\t        <p>Nos chauffeurs sont form\u00e9s, courtois et ponctuels.<br \/>Ils ont l\u2019habitude d\u2019intervenir aupr\u00e8s de tous les publics, avec une attention particuli\u00e8re pour les personnes \u00e2g\u00e9es, fragiles ou isol\u00e9es.<\/p>                    <\/div>\n\t\t                    <\/div>\n        <\/div>\n\t\t\t\t<\/div>\n\t\t\t\t<\/div>\n\t\t\t\t\t<\/div>\n\t\t\t\t<\/div>\n\t\t<div class=\"elementor-element elementor-element-3319651 e-flex e-con-boxed e-con e-parent\" data-id=\"3319651\" data-element_type=\"container\">\n\t\t\t\t\t<div class=\"e-con-inner\">\n\t\t<div class=\"elementor-element elementor-element-4b978eb e-con-full e-flex e-con e-child\" data-id=\"4b978eb\" data-element_type=\"container\">\n\t\t\t\t<div class=\"elementor-element elementor-element-5472dc4 elementor-widget elementor-widget-heading\" data-id=\"5472dc4\" data-element_type=\"widget\" data-widget_type=\"heading.default\">\n\t\t\t\t<div class=\"elementor-widget-container\">\n\t\t\t\t\t<h2 class=\"elementor-heading-title elementor-size-default\">\ud83d\udcde Une question ? Un trajet \u00e0 organiser ?\n<\/h2>\t\t\t\t<\/div>\n\t\t\t\t<\/div>\n\t\t\t\t<div class=\"elementor-element elementor-element-e537c20 elementor-widget elementor-widget-text-editor\" data-id=\"e537c20\" data-element_type=\"widget\" data-widget_type=\"text-editor.default\">\n\t\t\t\t<div class=\"elementor-widget-container\">\n\t\t\t\t\t\t\t\t\t<p>N\u2019h\u00e9sitez pas \u00e0 nous contacter au 01 85 11 04 42 ou \u00e0 r\u00e9server directement votre transport via notre formulaire en ligne.<\/p>\t\t\t\t\t\t\t\t<\/div>\n\t\t\t\t<\/div>\n\t\t\t\t<\/div>\n\t\t<div class=\"elementor-element elementor-element-a1edf3b e-con-full e-flex e-con e-child\" data-id=\"a1edf3b\" data-element_type=\"container\">\n\t\t\t\t<div class=\"elementor-element elementor-element-20168c7 elementor-align-center elementor-widget elementor-widget-button\" data-id=\"20168c7\" data-element_type=\"widget\" data-settings=\"{&quot;_animation_mobile&quot;:&quot;zoomIn&quot;}\" data-widget_type=\"button.default\">\n\t\t\t\t<div class=\"elementor-widget-container\">\n\t\t\t\t\t\t\t\t\t<div class=\"elementor-button-wrapper\">\n\t\t\t\t\t<a class=\"elementor-button elementor-button-link elementor-size-sm\" href=\"http:\/\/transportconventionne.com\/index.php\/demande-de-reservation\/\">\n\t\t\t\t\t\t<span class=\"elementor-button-content-wrapper\">\n\t\t\t\t\t\t\t\t\t<span class=\"elementor-button-text\">R\u00e9server un trajet m\u00e9dical<\/span>\n\t\t\t\t\t<\/span>\n\t\t\t\t\t<\/a>\n\t\t\t\t<\/div>\n\t\t\t\t\t\t\t\t<\/div>\n\t\t\t\t<\/div>\n\t\t\t\t<\/div>\n\t\t\t\t\t<\/div>\n\t\t\t\t<\/div>\n\t\t\t\t<\/div>\n\t\t","protected":false},"excerpt":{"rendered":"<p>Taxis Conventionn\u00e9s Un service humain pour vos trajets m\u00e9dicaux Chez Transport Conventionn\u00e9, nous ne faisons pas que vous transporter.Nous vous [&hellip;]<\/p>\n","protected":false},"author":1,"featured_media":0,"parent":0,"menu_order":0,"comment_status":"closed","ping_status":"closed","template":"","meta":{"site-sidebar-layout":"no-sidebar","site-content-layout":"","ast-site-content-layout":"full-width-container","site-content-style":"default","site-sidebar-style":"default","ast-global-header-display":"","ast-banner-title-visibility":"","ast-main-header-display":"","ast-hfb-above-header-display":"","ast-hfb-below-header-display":"","ast-hfb-mobile-header-display":"","site-post-title":"disabled","ast-breadcrumbs-content":"","ast-featured-img":"disabled","footer-sml-layout":"","theme-transparent-header-meta":"","adv-header-id-meta":"","stick-header-meta":"","header-above-stick-meta":"","header-main-stick-meta":"","header-below-stick-meta":"","astra-migrate-meta-layouts":"default","ast-page-background-enabled":"default","ast-page-background-meta":{"desktop":{"background-color":"var(--ast-global-color-5)","background-image":"","background-repeat":"repeat","background-position":"center center","background-size":"auto","background-attachment":"scroll","background-type":"","background-media":"","overlay-type":"","overlay-color":"","overlay-opacity":"","overlay-gradient":""},"tablet":{"background-color":"","background-image":"","background-repeat":"repeat","background-position":"center center","background-size":"auto","background-attachment":"scroll","background-type":"","background-media":"","overlay-type":"","overlay-color":"","overlay-opacity":"","overlay-gradient":""},"mobile":{"background-color":"","background-image":"","background-repeat":"repeat","background-position":"center center","background-size":"auto","background-attachment":"scroll","background-type":"","background-media":"","overlay-type":"","overlay-color":"","overlay-opacity":"","overlay-gradient":""}},"ast-content-background-meta":{"desktop":{"background-color":"var(--ast-global-color-4)","background-image":"","background-repeat":"repeat","background-position":"center center","background-size":"auto","background-attachment":"scroll","background-type":"","background-media":"","overlay-type":"","overlay-color":"","overlay-opacity":"","overlay-gradient":""},"tablet":{"background-color":"var(--ast-global-color-4)","background-image":"","background-repeat":"repeat","background-position":"center center","background-size":"auto","background-attachment":"scroll","background-type":"","background-media":"","overlay-type":"","overlay-color":"","overlay-opacity":"","overlay-gradient":""},"mobile":{"background-color":"var(--ast-global-color-4)","background-image":"","background-repeat":"repeat","background-position":"center center","background-size":"auto","background-attachment":"scroll","background-type":"","background-media":"","overlay-type":"","overlay-color":"","overlay-opacity":"","overlay-gradient":""}},"footnotes":""},"class_list":["post-193","page","type-page","status-publish","hentry"],"_links":{"self":[{"href":"https:\/\/transportconventionne.com\/index.php\/wp-json\/wp\/v2\/pages\/193","targetHints":{"allow":["GET"]}}],"collection":[{"href":"https:\/\/transportconventionne.com\/index.php\/wp-json\/wp\/v2\/pages"}],"about":[{"href":"https:\/\/transportconventionne.com\/index.php\/wp-json\/wp\/v2\/types\/page"}],"author":[{"embeddable":true,"href":"https:\/\/transportconventionne.com\/index.php\/wp-json\/wp\/v2\/users\/1"}],"replies":[{"embeddable":true,"href":"https:\/\/transportconventionne.com\/index.php\/wp-json\/wp\/v2\/comments?post=193"}],"version-history":[{"count":13,"href":"https:\/\/transportconventionne.com\/index.php\/wp-json\/wp\/v2\/pages\/193\/revisions"}],"predecessor-version":[{"id":254,"href":"https:\/\/transportconventionne.com\/index.php\/wp-json\/wp\/v2\/pages\/193\/revisions\/254"}],"wp:attachment":[{"href":"https:\/\/transportconventionne.com\/index.php\/wp-json\/wp\/v2\/media?parent=193"}],"curies":[{"name":"wp","href":"https:\/\/api.w.org\/{rel}","templated":true}]}}